{"id":60888,"date":"2025-01-01T08:00:53","date_gmt":"2025-01-01T07:00:53","guid":{"rendered":"https:\/\/dessinemoiunsoulier.net\/?post_type=product&#038;p=60888"},"modified":"2025-10-17T10:42:13","modified_gmt":"2025-10-17T08:42:13","slug":"silver-iridescent-heeled-bootie","status":"publish","type":"product","link":"https:\/\/dessinemoiunsoulier.net\/en\/eshop\/collections\/silver-iridescent-heeled-bootie\/","title":{"rendered":"Iridescent silver heel bootie"},"content":{"rendered":"<p class=\"p1\">This model runs small, so we recommend a half-size larger than your usual shoe size.<\/p>","protected":false},"excerpt":{"rendered":"<p>Heeled bootie in iridescent silver leather and glitter chrome.<\/p>\n<p>8 cm chunky heel.<\/p>\n<p>Dessine moi un soulier manufactures your personalized shoes. Small sizes, wide feet, large sizes, thin feet, our unique manufacturing allows us to adapt.<\/p>","protected":false},"featured_media":63683,"template":"","meta":{"inline_featured_image":false},"product_brand":[],"product_cat":[278],"product_tag":[],"giftcard-category":[],"class_list":{"0":"post-60888","1":"product","2":"type-product","3":"status-publish","4":"has-post-thumbnail","6":"product_cat-collections","7":"description-off","9":"first","10":"instock","11":"purchasable","12":"product-type-variable"},"yoast_head":"<!-- This site is optimized with the Yoast SEO Premium plugin v22.1 (Yoast SEO v26.5) - https:\/\/yoast.com\/wordpress\/plugins\/seo\/ -->\n<title>Bottine \u00e0 talon iris\u00e9 argent | Dessine-moi un soulier<\/title>\n<meta name=\"description\" content=\"Dessine moi un soulier fabrique pour vous, vos chaussures personnalis\u00e9e. Ici une paire de bottine \u00e0 talon en cuirs iris\u00e9s argent et glitter chrome.\" \/>\n<meta name=\"robots\" content=\"noindex, follow, max-snippet:-1, max-image-preview:large, max-video-preview:-1\" \/>\n<meta property=\"og:locale\" content=\"en_US\" \/>\n<meta property=\"og:type\" content=\"article\" \/>\n<meta property=\"og:title\" content=\"Bottine \u00e0 talon iris\u00e9 argent\" \/>\n<meta property=\"og:description\" content=\"Dessine moi un soulier fabrique pour vous, vos chaussures personnalis\u00e9e. Ici une paire de bottine \u00e0 talon en cuirs iris\u00e9s argent et glitter chrome.\" \/>\n<meta property=\"og:url\" content=\"https:\/\/dessinemoiunsoulier.net\/en\/eshop\/collections\/silver-iridescent-heeled-bootie\/\" \/>\n<meta property=\"og:site_name\" content=\"Dessine-moi un soulier\" \/>\n<meta property=\"article:publisher\" content=\"https:\/\/www.facebook.com\/dessinemoiunsoulier\/\" \/>\n<meta property=\"article:modified_time\" content=\"2025-10-17T08:42:13+00:00\" \/>\n<meta property=\"og:image\" content=\"https:\/\/dessinemoiunsoulier.net\/wp-content\/uploads\/2025\/05\/Dessine-moi-une-souliere-Flavie-200-2.jpg\" \/>\n\t<meta property=\"og:image:width\" content=\"819\" \/>\n\t<meta property=\"og:image:height\" content=\"1024\" \/>\n\t<meta property=\"og:image:type\" content=\"image\/jpeg\" \/>\n<meta name=\"twitter:card\" content=\"summary_large_image\" \/>\n<meta name=\"twitter:label1\" content=\"Availability\" \/>\n\t<meta name=\"twitter:data1\" content=\"In stock\" \/>\n<script type=\"application\/ld+json\" class=\"yoast-schema-graph\">{\"@context\":\"https:\/\/schema.org\",\"@graph\":[{\"@type\":\"WebPage\",\"@id\":\"https:\/\/dessinemoiunsoulier.net\/eshop\/collections\/bottine-a-talon-irise-argent\/\",\"url\":\"https:\/\/dessinemoiunsoulier.net\/eshop\/collections\/bottine-a-talon-irise-argent\/\",\"name\":\"Bottine \u00e0 talon iris\u00e9 argent | Dessine-moi un soulier\",\"isPartOf\":{\"@id\":\"https:\/\/dessinemoiunsoulier.net\/#website\"},\"primaryImageOfPage\":{\"@id\":\"https:\/\/dessinemoiunsoulier.net\/eshop\/collections\/bottine-a-talon-irise-argent\/#primaryimage\"},\"image\":{\"@id\":\"https:\/\/dessinemoiunsoulier.net\/eshop\/collections\/bottine-a-talon-irise-argent\/#primaryimage\"},\"thumbnailUrl\":\"https:\/\/dessinemoiunsoulier.net\/wp-content\/uploads\/2025\/05\/Dessine-moi-une-souliere-Flavie-200-2.jpg\",\"datePublished\":\"2025-01-01T07:00:53+00:00\",\"dateModified\":\"2025-10-17T08:42:13+00:00\",\"description\":\"Dessine moi un soulier fabrique pour vous, vos chaussures personnalis\u00e9e. Ici une paire de bottine \u00e0 talon en cuirs iris\u00e9s argent et glitter chrome.\",\"breadcrumb\":{\"@id\":\"https:\/\/dessinemoiunsoulier.net\/eshop\/collections\/bottine-a-talon-irise-argent\/#breadcrumb\"},\"inLanguage\":\"en-US\",\"potentialAction\":[{\"@type\":\"ReadAction\",\"target\":[\"https:\/\/dessinemoiunsoulier.net\/eshop\/collections\/bottine-a-talon-irise-argent\/\"]}]},{\"@type\":\"ImageObject\",\"inLanguage\":\"en-US\",\"@id\":\"https:\/\/dessinemoiunsoulier.net\/eshop\/collections\/bottine-a-talon-irise-argent\/#primaryimage\",\"url\":\"https:\/\/dessinemoiunsoulier.net\/wp-content\/uploads\/2025\/05\/Dessine-moi-une-souliere-Flavie-200-2.jpg\",\"contentUrl\":\"https:\/\/dessinemoiunsoulier.net\/wp-content\/uploads\/2025\/05\/Dessine-moi-une-souliere-Flavie-200-2.jpg\",\"width\":819,\"height\":1024,\"caption\":\"Bottine \u00e0 talon en cuirs iris\u00e9s argent et glitter chrome 3\"},{\"@type\":\"BreadcrumbList\",\"@id\":\"https:\/\/dessinemoiunsoulier.net\/eshop\/collections\/bottine-a-talon-irise-argent\/#breadcrumb\",\"itemListElement\":[{\"@type\":\"ListItem\",\"position\":1,\"name\":\"Accueil\",\"item\":\"https:\/\/dessinemoiunsoulier.net\/\"},{\"@type\":\"ListItem\",\"position\":2,\"name\":\"Boutique\",\"item\":\"https:\/\/dessinemoiunsoulier.net\/boutique\/\"},{\"@type\":\"ListItem\",\"position\":3,\"name\":\"Bottine \u00e0 talon iris\u00e9 argent\"}]},{\"@type\":\"WebSite\",\"@id\":\"https:\/\/dessinemoiunsoulier.net\/#website\",\"url\":\"https:\/\/dessinemoiunsoulier.net\/\",\"name\":\"Dessine-moi un soulier\",\"description\":\"Dessine-moi un soulier : chaussures personnalis\u00e9es\",\"publisher\":{\"@id\":\"https:\/\/dessinemoiunsoulier.net\/#organization\"},\"potentialAction\":[{\"@type\":\"SearchAction\",\"target\":{\"@type\":\"EntryPoint\",\"urlTemplate\":\"https:\/\/dessinemoiunsoulier.net\/?s={search_term_string}\"},\"query-input\":{\"@type\":\"PropertyValueSpecification\",\"valueRequired\":true,\"valueName\":\"search_term_string\"}}],\"inLanguage\":\"en-US\"},{\"@type\":\"Organization\",\"@id\":\"https:\/\/dessinemoiunsoulier.net\/#organization\",\"name\":\"Dessine-moi un soulier\",\"url\":\"https:\/\/dessinemoiunsoulier.net\/\",\"logo\":{\"@type\":\"ImageObject\",\"inLanguage\":\"en-US\",\"@id\":\"https:\/\/dessinemoiunsoulier.net\/#\/schema\/logo\/image\/\",\"url\":\"https:\/\/dessinemoiunsoulier.net\/wp-content\/uploads\/2025\/07\/Logo-Dessine-moi-un-soulier-GROS-CADRE.png\",\"contentUrl\":\"https:\/\/dessinemoiunsoulier.net\/wp-content\/uploads\/2025\/07\/Logo-Dessine-moi-un-soulier-GROS-CADRE.png\",\"width\":709,\"height\":142,\"caption\":\"Dessine-moi un soulier\"},\"image\":{\"@id\":\"https:\/\/dessinemoiunsoulier.net\/#\/schema\/logo\/image\/\"},\"sameAs\":[\"https:\/\/www.facebook.com\/dessinemoiunsoulier\/\",\"https:\/\/www.instagram.com\/dessinemoiunsoulier\/\",\"https:\/\/fr.pinterest.com\/dessinemoiunsoulier\/\"]}]}<\/script>\n<meta property=\"og:availability\" content=\"instock\" \/>\n<meta property=\"product:availability\" content=\"instock\" \/>\n<meta property=\"product:retailer_item_id\" content=\"fda03b7ac54a\" \/>\n<meta property=\"product:condition\" content=\"new\" \/>\n<!-- \/ Yoast SEO Premium plugin. -->","yoast_head_json":{"title":"Iridescent silver ankle boot | Dessine-moi un soulier","description":"Design me a shoe made for you, your personalized shoes. Here a pair of heeled ankle boots in iridescent silver leather and glitter chrome.","robots":{"index":"noindex","follow":"follow","max-snippet":"max-snippet:-1","max-image-preview":"max-image-preview:large","max-video-preview":"max-video-preview:-1"},"og_locale":"en_US","og_type":"article","og_title":"Bottine \u00e0 talon iris\u00e9 argent","og_description":"Dessine moi un soulier fabrique pour vous, vos chaussures personnalis\u00e9e. Ici une paire de bottine \u00e0 talon en cuirs iris\u00e9s argent et glitter chrome.","og_url":"https:\/\/dessinemoiunsoulier.net\/en\/eshop\/collections\/silver-iridescent-heeled-bootie\/","og_site_name":"Dessine-moi un soulier","article_publisher":"https:\/\/www.facebook.com\/dessinemoiunsoulier\/","article_modified_time":"2025-10-17T08:42:13+00:00","og_image":[{"width":819,"height":1024,"url":"https:\/\/dessinemoiunsoulier.net\/wp-content\/uploads\/2025\/05\/Dessine-moi-une-souliere-Flavie-200-2.jpg","type":"image\/jpeg"}],"twitter_card":"summary_large_image","twitter_misc":{"Availability":"In stock"},"schema":{"@context":"https:\/\/schema.org","@graph":[{"@type":"WebPage","@id":"https:\/\/dessinemoiunsoulier.net\/eshop\/collections\/bottine-a-talon-irise-argent\/","url":"https:\/\/dessinemoiunsoulier.net\/eshop\/collections\/bottine-a-talon-irise-argent\/","name":"Iridescent silver ankle boot | Dessine-moi un soulier","isPartOf":{"@id":"https:\/\/dessinemoiunsoulier.net\/#website"},"primaryImageOfPage":{"@id":"https:\/\/dessinemoiunsoulier.net\/eshop\/collections\/bottine-a-talon-irise-argent\/#primaryimage"},"image":{"@id":"https:\/\/dessinemoiunsoulier.net\/eshop\/collections\/bottine-a-talon-irise-argent\/#primaryimage"},"thumbnailUrl":"https:\/\/dessinemoiunsoulier.net\/wp-content\/uploads\/2025\/05\/Dessine-moi-une-souliere-Flavie-200-2.jpg","datePublished":"2025-01-01T07:00:53+00:00","dateModified":"2025-10-17T08:42:13+00:00","description":"Design me a shoe made for you, your personalized shoes. Here a pair of heeled ankle boots in iridescent silver leather and glitter chrome.","breadcrumb":{"@id":"https:\/\/dessinemoiunsoulier.net\/eshop\/collections\/bottine-a-talon-irise-argent\/#breadcrumb"},"inLanguage":"en-US","potentialAction":[{"@type":"ReadAction","target":["https:\/\/dessinemoiunsoulier.net\/eshop\/collections\/bottine-a-talon-irise-argent\/"]}]},{"@type":"ImageObject","inLanguage":"en-US","@id":"https:\/\/dessinemoiunsoulier.net\/eshop\/collections\/bottine-a-talon-irise-argent\/#primaryimage","url":"https:\/\/dessinemoiunsoulier.net\/wp-content\/uploads\/2025\/05\/Dessine-moi-une-souliere-Flavie-200-2.jpg","contentUrl":"https:\/\/dessinemoiunsoulier.net\/wp-content\/uploads\/2025\/05\/Dessine-moi-une-souliere-Flavie-200-2.jpg","width":819,"height":1024,"caption":"Bottine \u00e0 talon en cuirs iris\u00e9s argent et glitter chrome 3"},{"@type":"BreadcrumbList","@id":"https:\/\/dessinemoiunsoulier.net\/eshop\/collections\/bottine-a-talon-irise-argent\/#breadcrumb","itemListElement":[{"@type":"ListItem","position":1,"name":"Accueil","item":"https:\/\/dessinemoiunsoulier.net\/"},{"@type":"ListItem","position":2,"name":"Boutique","item":"https:\/\/dessinemoiunsoulier.net\/boutique\/"},{"@type":"ListItem","position":3,"name":"Bottine \u00e0 talon iris\u00e9 argent"}]},{"@type":"WebSite","@id":"https:\/\/dessinemoiunsoulier.net\/#website","url":"https:\/\/dessinemoiunsoulier.net\/","name":"Draw me a shoe","description":"Draw me a shoe: personalized shoes","publisher":{"@id":"https:\/\/dessinemoiunsoulier.net\/#organization"},"potentialAction":[{"@type":"SearchAction","target":{"@type":"EntryPoint","urlTemplate":"https:\/\/dessinemoiunsoulier.net\/?s={search_term_string}"},"query-input":{"@type":"PropertyValueSpecification","valueRequired":true,"valueName":"search_term_string"}}],"inLanguage":"en-US"},{"@type":"Organization","@id":"https:\/\/dessinemoiunsoulier.net\/#organization","name":"Draw me a shoe","url":"https:\/\/dessinemoiunsoulier.net\/","logo":{"@type":"ImageObject","inLanguage":"en-US","@id":"https:\/\/dessinemoiunsoulier.net\/#\/schema\/logo\/image\/","url":"https:\/\/dessinemoiunsoulier.net\/wp-content\/uploads\/2025\/07\/Logo-Dessine-moi-un-soulier-GROS-CADRE.png","contentUrl":"https:\/\/dessinemoiunsoulier.net\/wp-content\/uploads\/2025\/07\/Logo-Dessine-moi-un-soulier-GROS-CADRE.png","width":709,"height":142,"caption":"Dessine-moi un soulier"},"image":{"@id":"https:\/\/dessinemoiunsoulier.net\/#\/schema\/logo\/image\/"},"sameAs":["https:\/\/www.facebook.com\/dessinemoiunsoulier\/","https:\/\/www.instagram.com\/dessinemoiunsoulier\/","https:\/\/fr.pinterest.com\/dessinemoiunsoulier\/"]}]},"og_availability":"instock","product_availability":"instock","product_retailer_item_id":"fda03b7ac54a","product_condition":"new"},"_links":{"self":[{"href":"https:\/\/dessinemoiunsoulier.net\/en\/wp-json\/wp\/v2\/product\/60888","targetHints":{"allow":["GET"]}}],"collection":[{"href":"https:\/\/dessinemoiunsoulier.net\/en\/wp-json\/wp\/v2\/product"}],"about":[{"href":"https:\/\/dessinemoiunsoulier.net\/en\/wp-json\/wp\/v2\/types\/product"}],"wp:featuredmedia":[{"embeddable":true,"href":"https:\/\/dessinemoiunsoulier.net\/en\/wp-json\/wp\/v2\/media\/63683"}],"wp:attachment":[{"href":"https:\/\/dessinemoiunsoulier.net\/en\/wp-json\/wp\/v2\/media?parent=60888"}],"wp:term":[{"taxonomy":"product_brand","embeddable":true,"href":"https:\/\/dessinemoiunsoulier.net\/en\/wp-json\/wp\/v2\/product_brand?post=60888"},{"taxonomy":"product_cat","embeddable":true,"href":"https:\/\/dessinemoiunsoulier.net\/en\/wp-json\/wp\/v2\/product_cat?post=60888"},{"taxonomy":"product_tag","embeddable":true,"href":"https:\/\/dessinemoiunsoulier.net\/en\/wp-json\/wp\/v2\/product_tag?post=60888"},{"taxonomy":"giftcard-category","embeddable":true,"href":"https:\/\/dessinemoiunsoulier.net\/en\/wp-json\/wp\/v2\/giftcard-category?post=60888"}],"curies":[{"name":"wp","href":"https:\/\/api.w.org\/{rel}","templated":true}]}}