{"id":66369,"date":"2025-05-04T13:34:46","date_gmt":"2025-05-04T11:34:46","guid":{"rendered":"https:\/\/dessinemoiunsoulier.net\/?post_type=product&#038;p=66369"},"modified":"2025-10-12T20:47:23","modified_gmt":"2025-10-12T18:47:23","slug":"charlotte-platform-in-terracotta-velvet-and-rose-gold-iridescence","status":"publish","type":"product","link":"https:\/\/dessinemoiunsoulier.net\/en\/eshop\/collections\/charlotte-platform-in-terracotta-velvet-and-rose-gold-iridescence\/","title":{"rendered":"Charlotte platform in terracotta velvet and iridescent rose gold"},"content":{"rendered":"<p>This model fits large and we recommend that you take a full size below your usual shoe size.<\/p>\n<p>Dessine moi un soulier manufactures your personalized shoes. Small sizes, wide feet, large sizes, thin feet, our unique manufacturing allows us to adapt.<\/p>","protected":false},"excerpt":{"rendered":"<div class=\"wrapper-text\">\n<div class=\"views-row-body body\">\n<p>Charlotte platform in terracotta velvet.<\/p>\n<p>Details, 8 cm chunky heels in iridescent rose gold.<\/p>\n<p>1.5 cm front platform.<\/p>\n<\/div>\n<\/div>\n<div class=\"wrapper-text\"><\/div>","protected":false},"featured_media":72914,"template":"","meta":{"inline_featured_image":false},"product_brand":[],"product_cat":[278],"product_tag":[],"giftcard-category":[],"class_list":{"0":"post-66369","1":"product","2":"type-product","3":"status-publish","4":"has-post-thumbnail","6":"product_cat-collections","7":"description-off","9":"first","10":"instock","11":"taxable","12":"shipping-taxable","13":"purchasable","14":"product-type-variable"},"yoast_head":"<!-- This site is optimized with the Yoast SEO Premium plugin v22.1 (Yoast SEO v26.5) - https:\/\/yoast.com\/wordpress\/plugins\/seo\/ -->\n<title>Charlotte plateforme en velours terracotta et iris\u00e9 or rose | Dessine-moi un soulier<\/title>\n<meta name=\"description\" content=\"Dessine moi un soulier fabrique pour vous, vos chaussures personnalis\u00e9e. Ici une paire de Charlotte en velours terracotta et iris\u00e9 or rose.\" \/>\n<meta name=\"robots\" content=\"noindex, follow, max-snippet:-1, max-image-preview:large, max-video-preview:-1\" \/>\n<meta property=\"og:locale\" content=\"en_US\" \/>\n<meta property=\"og:type\" content=\"article\" \/>\n<meta property=\"og:title\" content=\"Charlotte plateforme en velours terracotta et iris\u00e9 or rose\" \/>\n<meta property=\"og:description\" content=\"Dessine moi un soulier fabrique pour vous, vos chaussures personnalis\u00e9e. Ici une paire de Charlotte en velours terracotta et iris\u00e9 or rose.\" \/>\n<meta property=\"og:url\" content=\"https:\/\/dessinemoiunsoulier.net\/en\/eshop\/collections\/charlotte-platform-in-terracotta-velvet-and-rose-gold-iridescence\/\" \/>\n<meta property=\"og:site_name\" content=\"Dessine-moi un soulier\" \/>\n<meta property=\"article:publisher\" content=\"https:\/\/www.facebook.com\/dessinemoiunsoulier\/\" \/>\n<meta property=\"article:modified_time\" content=\"2025-10-12T18:47:23+00:00\" \/>\n<meta property=\"og:image\" content=\"https:\/\/dessinemoiunsoulier.net\/wp-content\/uploads\/2025\/06\/DMUSJan24-045-7.jpg\" \/>\n\t<meta property=\"og:image:width\" content=\"819\" \/>\n\t<meta property=\"og:image:height\" content=\"1024\" \/>\n\t<meta property=\"og:image:type\" content=\"image\/jpeg\" \/>\n<meta name=\"twitter:card\" content=\"summary_large_image\" \/>\n<meta name=\"twitter:label1\" content=\"Availability\" \/>\n\t<meta name=\"twitter:data1\" content=\"In stock\" \/>\n<script type=\"application\/ld+json\" class=\"yoast-schema-graph\">{\"@context\":\"https:\/\/schema.org\",\"@graph\":[{\"@type\":\"WebPage\",\"@id\":\"https:\/\/dessinemoiunsoulier.net\/eshop\/collections\/charlotte-plateforme-en-velours-terracotta-et-irise-or-rose\/\",\"url\":\"https:\/\/dessinemoiunsoulier.net\/eshop\/collections\/charlotte-plateforme-en-velours-terracotta-et-irise-or-rose\/\",\"name\":\"Charlotte plateforme en velours terracotta et iris\u00e9 or rose | Dessine-moi un soulier\",\"isPartOf\":{\"@id\":\"https:\/\/dessinemoiunsoulier.net\/#website\"},\"primaryImageOfPage\":{\"@id\":\"https:\/\/dessinemoiunsoulier.net\/eshop\/collections\/charlotte-plateforme-en-velours-terracotta-et-irise-or-rose\/#primaryimage\"},\"image\":{\"@id\":\"https:\/\/dessinemoiunsoulier.net\/eshop\/collections\/charlotte-plateforme-en-velours-terracotta-et-irise-or-rose\/#primaryimage\"},\"thumbnailUrl\":\"https:\/\/dessinemoiunsoulier.net\/wp-content\/uploads\/2025\/06\/DMUSJan24-045-7.jpg\",\"datePublished\":\"2025-05-04T11:34:46+00:00\",\"dateModified\":\"2025-10-12T18:47:23+00:00\",\"description\":\"Dessine moi un soulier fabrique pour vous, vos chaussures personnalis\u00e9e. Ici une paire de Charlotte en velours terracotta et iris\u00e9 or rose.\",\"breadcrumb\":{\"@id\":\"https:\/\/dessinemoiunsoulier.net\/eshop\/collections\/charlotte-plateforme-en-velours-terracotta-et-irise-or-rose\/#breadcrumb\"},\"inLanguage\":\"en-US\",\"potentialAction\":[{\"@type\":\"ReadAction\",\"target\":[\"https:\/\/dessinemoiunsoulier.net\/eshop\/collections\/charlotte-plateforme-en-velours-terracotta-et-irise-or-rose\/\"]}]},{\"@type\":\"ImageObject\",\"inLanguage\":\"en-US\",\"@id\":\"https:\/\/dessinemoiunsoulier.net\/eshop\/collections\/charlotte-plateforme-en-velours-terracotta-et-irise-or-rose\/#primaryimage\",\"url\":\"https:\/\/dessinemoiunsoulier.net\/wp-content\/uploads\/2025\/06\/DMUSJan24-045-7.jpg\",\"contentUrl\":\"https:\/\/dessinemoiunsoulier.net\/wp-content\/uploads\/2025\/06\/DMUSJan24-045-7.jpg\",\"width\":819,\"height\":1024,\"caption\":\"Charlotte plateforme en cuir velours terracotta et iris\u00e9 or rose\"},{\"@type\":\"BreadcrumbList\",\"@id\":\"https:\/\/dessinemoiunsoulier.net\/eshop\/collections\/charlotte-plateforme-en-velours-terracotta-et-irise-or-rose\/#breadcrumb\",\"itemListElement\":[{\"@type\":\"ListItem\",\"position\":1,\"name\":\"Accueil\",\"item\":\"https:\/\/dessinemoiunsoulier.net\/\"},{\"@type\":\"ListItem\",\"position\":2,\"name\":\"Boutique\",\"item\":\"https:\/\/dessinemoiunsoulier.net\/boutique\/\"},{\"@type\":\"ListItem\",\"position\":3,\"name\":\"Charlotte plateforme en velours terracotta et iris\u00e9 or rose\"}]},{\"@type\":\"WebSite\",\"@id\":\"https:\/\/dessinemoiunsoulier.net\/#website\",\"url\":\"https:\/\/dessinemoiunsoulier.net\/\",\"name\":\"Dessine-moi un soulier\",\"description\":\"Dessine-moi un soulier : chaussures personnalis\u00e9es\",\"publisher\":{\"@id\":\"https:\/\/dessinemoiunsoulier.net\/#organization\"},\"potentialAction\":[{\"@type\":\"SearchAction\",\"target\":{\"@type\":\"EntryPoint\",\"urlTemplate\":\"https:\/\/dessinemoiunsoulier.net\/?s={search_term_string}\"},\"query-input\":{\"@type\":\"PropertyValueSpecification\",\"valueRequired\":true,\"valueName\":\"search_term_string\"}}],\"inLanguage\":\"en-US\"},{\"@type\":\"Organization\",\"@id\":\"https:\/\/dessinemoiunsoulier.net\/#organization\",\"name\":\"Dessine-moi un soulier\",\"url\":\"https:\/\/dessinemoiunsoulier.net\/\",\"logo\":{\"@type\":\"ImageObject\",\"inLanguage\":\"en-US\",\"@id\":\"https:\/\/dessinemoiunsoulier.net\/#\/schema\/logo\/image\/\",\"url\":\"https:\/\/dessinemoiunsoulier.net\/wp-content\/uploads\/2025\/07\/Logo-Dessine-moi-un-soulier-GROS-CADRE.png\",\"contentUrl\":\"https:\/\/dessinemoiunsoulier.net\/wp-content\/uploads\/2025\/07\/Logo-Dessine-moi-un-soulier-GROS-CADRE.png\",\"width\":709,\"height\":142,\"caption\":\"Dessine-moi un soulier\"},\"image\":{\"@id\":\"https:\/\/dessinemoiunsoulier.net\/#\/schema\/logo\/image\/\"},\"sameAs\":[\"https:\/\/www.facebook.com\/dessinemoiunsoulier\/\",\"https:\/\/www.instagram.com\/dessinemoiunsoulier\/\",\"https:\/\/fr.pinterest.com\/dessinemoiunsoulier\/\"]}]}<\/script>\n<meta property=\"og:availability\" content=\"instock\" \/>\n<meta property=\"product:availability\" content=\"instock\" \/>\n<meta property=\"product:condition\" content=\"new\" \/>\n<!-- \/ Yoast SEO Premium plugin. -->","yoast_head_json":{"title":"Charlotte platform in terracotta velvet and iridescent rose gold | Dessine-moi un soulier","description":"Dessine moi un soulier makes your own personalized shoes. Here a pair of Charlotte shoes in terracotta velvet and iridescent rose gold.","robots":{"index":"noindex","follow":"follow","max-snippet":"max-snippet:-1","max-image-preview":"max-image-preview:large","max-video-preview":"max-video-preview:-1"},"og_locale":"en_US","og_type":"article","og_title":"Charlotte plateforme en velours terracotta et iris\u00e9 or rose","og_description":"Dessine moi un soulier fabrique pour vous, vos chaussures personnalis\u00e9e. Ici une paire de Charlotte en velours terracotta et iris\u00e9 or rose.","og_url":"https:\/\/dessinemoiunsoulier.net\/en\/eshop\/collections\/charlotte-platform-in-terracotta-velvet-and-rose-gold-iridescence\/","og_site_name":"Dessine-moi un soulier","article_publisher":"https:\/\/www.facebook.com\/dessinemoiunsoulier\/","article_modified_time":"2025-10-12T18:47:23+00:00","og_image":[{"width":819,"height":1024,"url":"https:\/\/dessinemoiunsoulier.net\/wp-content\/uploads\/2025\/06\/DMUSJan24-045-7.jpg","type":"image\/jpeg"}],"twitter_card":"summary_large_image","twitter_misc":{"Availability":"In stock"},"schema":{"@context":"https:\/\/schema.org","@graph":[{"@type":"WebPage","@id":"https:\/\/dessinemoiunsoulier.net\/eshop\/collections\/charlotte-plateforme-en-velours-terracotta-et-irise-or-rose\/","url":"https:\/\/dessinemoiunsoulier.net\/eshop\/collections\/charlotte-plateforme-en-velours-terracotta-et-irise-or-rose\/","name":"Charlotte platform in terracotta velvet and iridescent rose gold | Dessine-moi un soulier","isPartOf":{"@id":"https:\/\/dessinemoiunsoulier.net\/#website"},"primaryImageOfPage":{"@id":"https:\/\/dessinemoiunsoulier.net\/eshop\/collections\/charlotte-plateforme-en-velours-terracotta-et-irise-or-rose\/#primaryimage"},"image":{"@id":"https:\/\/dessinemoiunsoulier.net\/eshop\/collections\/charlotte-plateforme-en-velours-terracotta-et-irise-or-rose\/#primaryimage"},"thumbnailUrl":"https:\/\/dessinemoiunsoulier.net\/wp-content\/uploads\/2025\/06\/DMUSJan24-045-7.jpg","datePublished":"2025-05-04T11:34:46+00:00","dateModified":"2025-10-12T18:47:23+00:00","description":"Dessine moi un soulier makes your own personalized shoes. Here a pair of Charlotte shoes in terracotta velvet and iridescent rose gold.","breadcrumb":{"@id":"https:\/\/dessinemoiunsoulier.net\/eshop\/collections\/charlotte-plateforme-en-velours-terracotta-et-irise-or-rose\/#breadcrumb"},"inLanguage":"en-US","potentialAction":[{"@type":"ReadAction","target":["https:\/\/dessinemoiunsoulier.net\/eshop\/collections\/charlotte-plateforme-en-velours-terracotta-et-irise-or-rose\/"]}]},{"@type":"ImageObject","inLanguage":"en-US","@id":"https:\/\/dessinemoiunsoulier.net\/eshop\/collections\/charlotte-plateforme-en-velours-terracotta-et-irise-or-rose\/#primaryimage","url":"https:\/\/dessinemoiunsoulier.net\/wp-content\/uploads\/2025\/06\/DMUSJan24-045-7.jpg","contentUrl":"https:\/\/dessinemoiunsoulier.net\/wp-content\/uploads\/2025\/06\/DMUSJan24-045-7.jpg","width":819,"height":1024,"caption":"Charlotte plateforme en cuir velours terracotta et iris\u00e9 or rose"},{"@type":"BreadcrumbList","@id":"https:\/\/dessinemoiunsoulier.net\/eshop\/collections\/charlotte-plateforme-en-velours-terracotta-et-irise-or-rose\/#breadcrumb","itemListElement":[{"@type":"ListItem","position":1,"name":"Accueil","item":"https:\/\/dessinemoiunsoulier.net\/"},{"@type":"ListItem","position":2,"name":"Boutique","item":"https:\/\/dessinemoiunsoulier.net\/boutique\/"},{"@type":"ListItem","position":3,"name":"Charlotte plateforme en velours terracotta et iris\u00e9 or rose"}]},{"@type":"WebSite","@id":"https:\/\/dessinemoiunsoulier.net\/#website","url":"https:\/\/dessinemoiunsoulier.net\/","name":"Draw me a shoe","description":"Draw me a shoe: personalized shoes","publisher":{"@id":"https:\/\/dessinemoiunsoulier.net\/#organization"},"potentialAction":[{"@type":"SearchAction","target":{"@type":"EntryPoint","urlTemplate":"https:\/\/dessinemoiunsoulier.net\/?s={search_term_string}"},"query-input":{"@type":"PropertyValueSpecification","valueRequired":true,"valueName":"search_term_string"}}],"inLanguage":"en-US"},{"@type":"Organization","@id":"https:\/\/dessinemoiunsoulier.net\/#organization","name":"Draw me a shoe","url":"https:\/\/dessinemoiunsoulier.net\/","logo":{"@type":"ImageObject","inLanguage":"en-US","@id":"https:\/\/dessinemoiunsoulier.net\/#\/schema\/logo\/image\/","url":"https:\/\/dessinemoiunsoulier.net\/wp-content\/uploads\/2025\/07\/Logo-Dessine-moi-un-soulier-GROS-CADRE.png","contentUrl":"https:\/\/dessinemoiunsoulier.net\/wp-content\/uploads\/2025\/07\/Logo-Dessine-moi-un-soulier-GROS-CADRE.png","width":709,"height":142,"caption":"Dessine-moi un soulier"},"image":{"@id":"https:\/\/dessinemoiunsoulier.net\/#\/schema\/logo\/image\/"},"sameAs":["https:\/\/www.facebook.com\/dessinemoiunsoulier\/","https:\/\/www.instagram.com\/dessinemoiunsoulier\/","https:\/\/fr.pinterest.com\/dessinemoiunsoulier\/"]}]},"og_availability":"instock","product_availability":"instock","product_condition":"new"},"_links":{"self":[{"href":"https:\/\/dessinemoiunsoulier.net\/en\/wp-json\/wp\/v2\/product\/66369","targetHints":{"allow":["GET"]}}],"collection":[{"href":"https:\/\/dessinemoiunsoulier.net\/en\/wp-json\/wp\/v2\/product"}],"about":[{"href":"https:\/\/dessinemoiunsoulier.net\/en\/wp-json\/wp\/v2\/types\/product"}],"wp:featuredmedia":[{"embeddable":true,"href":"https:\/\/dessinemoiunsoulier.net\/en\/wp-json\/wp\/v2\/media\/72914"}],"wp:attachment":[{"href":"https:\/\/dessinemoiunsoulier.net\/en\/wp-json\/wp\/v2\/media?parent=66369"}],"wp:term":[{"taxonomy":"product_brand","embeddable":true,"href":"https:\/\/dessinemoiunsoulier.net\/en\/wp-json\/wp\/v2\/product_brand?post=66369"},{"taxonomy":"product_cat","embeddable":true,"href":"https:\/\/dessinemoiunsoulier.net\/en\/wp-json\/wp\/v2\/product_cat?post=66369"},{"taxonomy":"product_tag","embeddable":true,"href":"https:\/\/dessinemoiunsoulier.net\/en\/wp-json\/wp\/v2\/product_tag?post=66369"},{"taxonomy":"giftcard-category","embeddable":true,"href":"https:\/\/dessinemoiunsoulier.net\/en\/wp-json\/wp\/v2\/giftcard-category?post=66369"}],"curies":[{"name":"wp","href":"https:\/\/api.w.org\/{rel}","templated":true}]}}